{"id":3,"date":"2024-01-23T10:07:36","date_gmt":"2024-01-23T10:07:36","guid":{"rendered":"https:\/\/www.mundoglass.com\/?page_id=3"},"modified":"2024-01-29T13:00:06","modified_gmt":"2024-01-29T12:00:06","slug":"privacy-policy","status":"publish","type":"page","link":"https:\/\/www.mundoglass.com\/index.php\/privacy-policy\/","title":{"rendered":"Pol\u00edtica de Privacidad"},"content":{"rendered":"\n<p><br><\/p>\n\n\n\n<ol class=\"wp-block-list\">\n<li>INFORMACI\u00d3N AL USUARIO<br>\u00bfQui\u00e9n es el responsable del tratamiento de tus datos personales?<br>CRISTALERIA RAYANADAM SL es el RESPONSABLE del tratamiento de los datos personales del USUARIO y le informa de que estos<br>datos ser\u00e1n tratados de conformidad con lo dispuesto en el Reglamento (UE) 2016\/679, de 27 de abril (GDPR), y la Ley Org\u00e1nica<br>3\/2018, de 5 de diciembre (LOPDGDD).<br>\u00bfPara qu\u00e9 tratamos tus datos personales?<br>Para mantener una relaci\u00f3n comercial con el usuario. Las operaciones previstas para realizar el tratamiento son:<br>Remisi\u00f3n de comunicaciones comerciales publicitarias por e-mail, fax, SMS, MMS, redes sociales o cualquier otro medio<br>electr\u00f3nico o f\u00edsico, presente o futuro, que posibilite realizar comunicaciones comerciales. Estas comunicaciones ser\u00e1n<br>realizadas por el RESPONSABLE y estar\u00e1n relacionadas con sus productos y servicios, o de sus colaboradores o proveedores,<br>con los que este haya alcanzado alg\u00fan acuerdo de promoci\u00f3n. En este caso, los terceros nunca tendr\u00e1n acceso a los datos<br>personales.<br>Realizar estudios de mercado y an\u00e1lisis estad\u00edsticos.<br>Tramitar encargos, solicitudes, dar respuesta a las consultas o cualquier tipo de petici\u00f3n que sea realizada por el USUARIO<br>a trav\u00e9s de cualquiera de las formas de contacto que se ponen a su disposici\u00f3n en la p\u00e1gina web del RESPONSABLE.<br>Remitir el bolet\u00edn informativo online, sobre novedades, ofertas y promociones en nuestra actividad.<br>\u00bfPor qu\u00e9 motivo podemos tratar tus datos personales?<br>Porque el tratamiento est\u00e1 legitimado por el art\u00edculo 6 del GDPR de la siguiente forma:<br>Con el consentimiento del USUARIO: remisi\u00f3n de comunicaciones comerciales y del bolet\u00edn informativo.<br>Por inter\u00e9s leg\u00edtimo del RESPONSABLE: realizar estudios de mercado, an\u00e1lisis estad\u00edsticos, etc. y tramitar encargos,<br>solicitudes, etc. a petici\u00f3n del USUARIO.<br>\u00bfDurante cu\u00e1nto tiempo guardaremos tus datos personales?<br>Se conservar\u00e1n durante no m\u00e1s tiempo del necesario para mantener el fin del tratamiento o existan prescripciones legales que<br>dictaminen su custodia y cuando ya no sea necesario para ello, se suprimir\u00e1n con medidas de seguridad adecuadas para garantizar<br>la anonimizaci\u00f3n de los datos o la destrucci\u00f3n total de los mismos.<br>\u00bfA qui\u00e9n facilitamos tus datos personales?<br>No est\u00e1 prevista ninguna comunicaci\u00f3n de datos personales a terceros salvo por obligaci\u00f3n legal o, si fuese necesario para el<br>desarrollo y ejecuci\u00f3n de las finalidades del tratamiento, a nuestros proveedores de servicios relacionados con comunicaciones,<br>con los cuales el RESPONSABLE tiene suscritos los contratos de confidencialidad y de encargado de tratamiento exigidos por la<br>normativa vigente de privacidad.<br>\u00bfCu\u00e1les son tus derechos?<br>Los derechos que asisten al USUARIO son:<br>Derecho a retirar el consentimiento en cualquier momento.<br>Derecho de acceso, rectificaci\u00f3n, portabilidad y supresi\u00f3n de sus datos, y de limitaci\u00f3n u oposici\u00f3n a su tratamiento.<br>Derecho a presentar una reclamaci\u00f3n ante la autoridad de control (www.aepd.es) si considera que el tratamiento no se<br>ajusta a la normativa vigente.<br>Datos de contacto para ejercer sus derechos:<br>CRISTALERIA RAYANADAM SL. C\/ JUAN DE LA CIERVA, 14 NAVE 2 &#8211; 03203 ELCHE (Alacant). E-mail: info@mundoglass.com<\/li>\n\n\n\n<li>CAR\u00c1CTER OBLIGATORIO O FACULTATIVO DE LA INFORMACI\u00d3N FACILITADA POR EL USUARIO<br>Los USUARIOS, mediante la marcaci\u00f3n de las casillas correspondientes y la entrada de datos en los campos, marcados con un<br>asterisco (*) en el formulario de contacto o presentados en formularios de descarga, aceptan expresamente y de forma libre e<br>inequ\u00edvoca, que sus datos son necesarios para atender su petici\u00f3n, por parte del prestador, siendo voluntaria la inclusi\u00f3n de datos<br>en los campos restantes. El USUARIO garantiza que los datos personales facilitados al RESPONSABLE son veraces y se hace<br>responsable de comunicar cualquier modificaci\u00f3n de los mismos.<br>El RESPONSABLE informa de que todos los datos solicitados a trav\u00e9s del sitio web son obligatorios, ya que son necesarios para la<br>prestaci\u00f3n de un servicio \u00f3ptimo al USUARIO. En caso de que no se faciliten todos los datos, no se garantiza que la informaci\u00f3n y<br>servicios facilitados sean completamente ajustados a sus necesidades.<\/li>\n\n\n\n<li>MEDIDAS DE SEGURIDAD<br>Que de conformidad con lo dispuesto en las normativas vigentes en protecci\u00f3n de datos personales, el RESPONSABLE est\u00e1<br>cumpliendo con todas las disposiciones de las normativas GDPR y LOPDGDD para el tratamiento de los datos personales de su<br>responsabilidad, y manifiestamente con los principios descritos en el art\u00edculo 5 del GDPR, por los cuales son tratados de manera<br>l\u00edcita, leal y transparente en relaci\u00f3n con el interesado y adecuados, pertinentes y limitados a lo necesario en relaci\u00f3n con los fines<br>para los que son tratados.<br>El RESPONSABLE garantiza que ha implementado pol\u00edticas t\u00e9cnicas y organizativas apropiadas para aplicar las medidas de seguridad<br>que establecen el GDPR y la LOPDGDD con el fin de proteger los derechos y libertades de los USUARIOS y les ha comunicado la<br>informaci\u00f3n adecuada para que puedan ejercerlos.<br>Para m\u00e1s informaci\u00f3n sobre las garant\u00edas de privacidad, puedes dirigirte al RESPONSABLE a trav\u00e9s de CRISTALERIA RAYANADAM SL.<br>C\/ JUAN DE LA CIERVA, 14 NAVE 2 &#8211; 03203 ELCHE (Alacant). E-mail: info@mundoglass.com<\/li>\n<\/ol>\n\n\n\n<p><\/p>\n","protected":false},"excerpt":{"rendered":"","protected":false},"author":1,"featured_media":0,"parent":0,"menu_order":0,"comment_status":"closed","ping_status":"closed","template":"","meta":{"footnotes":""},"class_list":["post-3","page","type-page","status-publish","hentry"],"yoast_head":"<!-- This site is optimized with the Yoast SEO plugin v27.5 - https:\/\/yoast.com\/product\/yoast-seo-wordpress\/ -->\n<title>Pol\u00edtica de Privacidad - Mundoglass.com<\/title>\n<meta name=\"robots\" content=\"index, follow, max-snippet:-1, max-image-preview:large, max-video-preview:-1\" \/>\n<link rel=\"canonical\" href=\"https:\/\/www.mundoglass.com\/index.php\/privacy-policy\/\" \/>\n<meta property=\"og:locale\" content=\"es_ES\" \/>\n<meta property=\"og:type\" content=\"article\" \/>\n<meta property=\"og:title\" content=\"Pol\u00edtica de Privacidad - Mundoglass.com\" \/>\n<meta property=\"og:url\" content=\"https:\/\/www.mundoglass.com\/index.php\/privacy-policy\/\" \/>\n<meta property=\"og:site_name\" content=\"Mundoglass.com\" \/>\n<meta property=\"article:modified_time\" content=\"2024-01-29T12:00:06+00:00\" \/>\n<meta name=\"twitter:card\" content=\"summary_large_image\" \/>\n<meta name=\"twitter:label1\" content=\"Tiempo de lectura\" \/>\n\t<meta name=\"twitter:data1\" content=\"4 minutos\" \/>\n<script type=\"application\/ld+json\" class=\"yoast-schema-graph\">{\"@context\":\"https:\\\/\\\/schema.org\",\"@graph\":[{\"@type\":\"WebPage\",\"@id\":\"https:\\\/\\\/www.mundoglass.com\\\/index.php\\\/privacy-policy\\\/\",\"url\":\"https:\\\/\\\/www.mundoglass.com\\\/index.php\\\/privacy-policy\\\/\",\"name\":\"Pol\u00edtica de Privacidad - Mundoglass.com\",\"isPartOf\":{\"@id\":\"https:\\\/\\\/www.mundoglass.com\\\/#website\"},\"datePublished\":\"2024-01-23T10:07:36+00:00\",\"dateModified\":\"2024-01-29T12:00:06+00:00\",\"breadcrumb\":{\"@id\":\"https:\\\/\\\/www.mundoglass.com\\\/index.php\\\/privacy-policy\\\/#breadcrumb\"},\"inLanguage\":\"es\",\"potentialAction\":[{\"@type\":\"ReadAction\",\"target\":[\"https:\\\/\\\/www.mundoglass.com\\\/index.php\\\/privacy-policy\\\/\"]}]},{\"@type\":\"BreadcrumbList\",\"@id\":\"https:\\\/\\\/www.mundoglass.com\\\/index.php\\\/privacy-policy\\\/#breadcrumb\",\"itemListElement\":[{\"@type\":\"ListItem\",\"position\":1,\"name\":\"Portada\",\"item\":\"https:\\\/\\\/www.mundoglass.com\\\/\"},{\"@type\":\"ListItem\",\"position\":2,\"name\":\"Pol\u00edtica de Privacidad\"}]},{\"@type\":\"WebSite\",\"@id\":\"https:\\\/\\\/www.mundoglass.com\\\/#website\",\"url\":\"https:\\\/\\\/www.mundoglass.com\\\/\",\"name\":\"Cristaler\u00edas Rayanadam (Mundoglass)\",\"description\":\"Especialistas en vidrio, vinilo, cerrajer\u00eda, vidrieras y carpinter\u00eda de aluminio.\",\"publisher\":{\"@id\":\"https:\\\/\\\/www.mundoglass.com\\\/#organization\"},\"potentialAction\":[{\"@type\":\"SearchAction\",\"target\":{\"@type\":\"EntryPoint\",\"urlTemplate\":\"https:\\\/\\\/www.mundoglass.com\\\/?s={search_term_string}\"},\"query-input\":{\"@type\":\"PropertyValueSpecification\",\"valueRequired\":true,\"valueName\":\"search_term_string\"}}],\"inLanguage\":\"es\"},{\"@type\":\"Organization\",\"@id\":\"https:\\\/\\\/www.mundoglass.com\\\/#organization\",\"name\":\"Cristaler\u00edas Rayanadam (Mundoglass)\",\"url\":\"https:\\\/\\\/www.mundoglass.com\\\/\",\"logo\":{\"@type\":\"ImageObject\",\"inLanguage\":\"es\",\"@id\":\"https:\\\/\\\/www.mundoglass.com\\\/#\\\/schema\\\/logo\\\/image\\\/\",\"url\":\"https:\\\/\\\/www.mundoglass.com\\\/wp-content\\\/uploads\\\/2024\\\/01\\\/LOGO-MUNDOGLASS.png\",\"contentUrl\":\"https:\\\/\\\/www.mundoglass.com\\\/wp-content\\\/uploads\\\/2024\\\/01\\\/LOGO-MUNDOGLASS.png\",\"width\":465,\"height\":94,\"caption\":\"Cristaler\u00edas Rayanadam (Mundoglass)\"},\"image\":{\"@id\":\"https:\\\/\\\/www.mundoglass.com\\\/#\\\/schema\\\/logo\\\/image\\\/\"}}]}<\/script>\n<!-- \/ Yoast SEO plugin. -->","yoast_head_json":{"title":"Pol\u00edtica de Privacidad - Mundoglass.com","robots":{"index":"index","follow":"follow","max-snippet":"max-snippet:-1","max-image-preview":"max-image-preview:large","max-video-preview":"max-video-preview:-1"},"canonical":"https:\/\/www.mundoglass.com\/index.php\/privacy-policy\/","og_locale":"es_ES","og_type":"article","og_title":"Pol\u00edtica de Privacidad - Mundoglass.com","og_url":"https:\/\/www.mundoglass.com\/index.php\/privacy-policy\/","og_site_name":"Mundoglass.com","article_modified_time":"2024-01-29T12:00:06+00:00","twitter_card":"summary_large_image","twitter_misc":{"Tiempo de lectura":"4 minutos"},"schema":{"@context":"https:\/\/schema.org","@graph":[{"@type":"WebPage","@id":"https:\/\/www.mundoglass.com\/index.php\/privacy-policy\/","url":"https:\/\/www.mundoglass.com\/index.php\/privacy-policy\/","name":"Pol\u00edtica de Privacidad - Mundoglass.com","isPartOf":{"@id":"https:\/\/www.mundoglass.com\/#website"},"datePublished":"2024-01-23T10:07:36+00:00","dateModified":"2024-01-29T12:00:06+00:00","breadcrumb":{"@id":"https:\/\/www.mundoglass.com\/index.php\/privacy-policy\/#breadcrumb"},"inLanguage":"es","potentialAction":[{"@type":"ReadAction","target":["https:\/\/www.mundoglass.com\/index.php\/privacy-policy\/"]}]},{"@type":"BreadcrumbList","@id":"https:\/\/www.mundoglass.com\/index.php\/privacy-policy\/#breadcrumb","itemListElement":[{"@type":"ListItem","position":1,"name":"Portada","item":"https:\/\/www.mundoglass.com\/"},{"@type":"ListItem","position":2,"name":"Pol\u00edtica de Privacidad"}]},{"@type":"WebSite","@id":"https:\/\/www.mundoglass.com\/#website","url":"https:\/\/www.mundoglass.com\/","name":"Cristaler\u00edas Rayanadam (Mundoglass)","description":"Especialistas en vidrio, vinilo, cerrajer\u00eda, vidrieras y carpinter\u00eda de aluminio.","publisher":{"@id":"https:\/\/www.mundoglass.com\/#organization"},"potentialAction":[{"@type":"SearchAction","target":{"@type":"EntryPoint","urlTemplate":"https:\/\/www.mundoglass.com\/?s={search_term_string}"},"query-input":{"@type":"PropertyValueSpecification","valueRequired":true,"valueName":"search_term_string"}}],"inLanguage":"es"},{"@type":"Organization","@id":"https:\/\/www.mundoglass.com\/#organization","name":"Cristaler\u00edas Rayanadam (Mundoglass)","url":"https:\/\/www.mundoglass.com\/","logo":{"@type":"ImageObject","inLanguage":"es","@id":"https:\/\/www.mundoglass.com\/#\/schema\/logo\/image\/","url":"https:\/\/www.mundoglass.com\/wp-content\/uploads\/2024\/01\/LOGO-MUNDOGLASS.png","contentUrl":"https:\/\/www.mundoglass.com\/wp-content\/uploads\/2024\/01\/LOGO-MUNDOGLASS.png","width":465,"height":94,"caption":"Cristaler\u00edas Rayanadam (Mundoglass)"},"image":{"@id":"https:\/\/www.mundoglass.com\/#\/schema\/logo\/image\/"}}]}},"_links":{"self":[{"href":"https:\/\/www.mundoglass.com\/index.php\/wp-json\/wp\/v2\/pages\/3","targetHints":{"allow":["GET"]}}],"collection":[{"href":"https:\/\/www.mundoglass.com\/index.php\/wp-json\/wp\/v2\/pages"}],"about":[{"href":"https:\/\/www.mundoglass.com\/index.php\/wp-json\/wp\/v2\/types\/page"}],"author":[{"embeddable":true,"href":"https:\/\/www.mundoglass.com\/index.php\/wp-json\/wp\/v2\/users\/1"}],"replies":[{"embeddable":true,"href":"https:\/\/www.mundoglass.com\/index.php\/wp-json\/wp\/v2\/comments?post=3"}],"version-history":[{"count":4,"href":"https:\/\/www.mundoglass.com\/index.php\/wp-json\/wp\/v2\/pages\/3\/revisions"}],"predecessor-version":[{"id":63,"href":"https:\/\/www.mundoglass.com\/index.php\/wp-json\/wp\/v2\/pages\/3\/revisions\/63"}],"wp:attachment":[{"href":"https:\/\/www.mundoglass.com\/index.php\/wp-json\/wp\/v2\/media?parent=3"}],"curies":[{"name":"wp","href":"https:\/\/api.w.org\/{rel}","templated":true}]}}